{"id":755,"date":"2018-02-08T18:49:20","date_gmt":"2018-02-08T17:49:20","guid":{"rendered":"http:\/\/www.materiamed.at\/legal-notice\/"},"modified":"2020-02-04T14:51:04","modified_gmt":"2020-02-04T13:51:04","slug":"legal-notice","status":"publish","type":"page","link":"https:\/\/www.materiamed.at\/en\/legal-notice\/","title":{"rendered":"Legal Notice"},"content":{"rendered":"<div class=\"wpb-content-wrapper\"><p>[vc_row][vc_column][vc_column_text]MateriaMed GmbH<\/p>\n<p>Gesellschaft mit beschr\u00e4nkter Haftung<\/p>\n<p>Sitz: Josefst\u00e4dterstra\u00dfe 43-45, 1080 Wien, \u00d6sterreich<\/p>\n<p>Firmenbuch beim Handelsgericht Wien<\/p>\n<p>FN 411333b<\/p>\n<p>USt-IdNr.ATU68485800<\/p>\n<p>Tel.: +43 (01) 994 9595 65<\/p>\n<p>Fax.: +43 (01) 994 9009<\/p>\n<p>E-Mail:\u00a0<a href=\"mailto:info@materiamed.at\">info@materiamed.at<\/a><\/p>\n<p>Unternehmensgegenstand:<br \/>\nHandel mit pflanzlichen und heilsamen Rohmaterial und Gew\u00fcrze<\/p>\n<p>Mitglied der Wirtschaftskammer \u00d6sterreich (WKO)<\/p>\n<p>&nbsp;<\/p>\n<p>Gesch\u00e4ftsf\u00fchrer:<\/p>\n<p>Dr. Farsad Nadjafi<\/p>\n<p>&nbsp;<\/p>\n<p>Das Impressum gilt auch f\u00fcr alle Social Media der Firma MateriaMed GmbH[\/vc_column_text][\/vc_column][\/vc_row]<\/p>\n<\/div>","protected":false},"excerpt":{"rendered":"<p>[vc_row][vc_column][vc_column_text]MateriaMed GmbH Gesellschaft mit beschr\u00e4nkter Haftung Sitz: Josefst\u00e4dterstra\u00dfe 43-45, 1080 Wien, \u00d6sterreich Firmenbuch beim Handelsgericht Wien FN 411333b USt-IdNr.ATU68485800 Tel.: +43 (01) 994 9595 65 Fax.: +43 (01) 994 9009 E-Mail:\u00a0info@materiamed.at Unternehmensgegenstand: Handel mit pflanzlichen und heilsamen Rohmaterial und Gew\u00fcrze Mitglied der Wirtschaftskammer \u00d6sterreich (WKO) &nbsp; Gesch\u00e4ftsf\u00fchrer: Dr. Farsad Nadjafi &nbsp; Das Impressum gilt auch&hellip;<\/p>\n","protected":false},"author":2,"featured_media":0,"parent":0,"menu_order":0,"comment_status":"closed","ping_status":"closed","template":"","meta":{"footnotes":""},"class_list":["post-755","page","type-page","status-publish","hentry","description-off"],"_links":{"self":[{"href":"https:\/\/www.materiamed.at\/en\/wp-json\/wp\/v2\/pages\/755","targetHints":{"allow":["GET"]}}],"collection":[{"href":"https:\/\/www.materiamed.at\/en\/wp-json\/wp\/v2\/pages"}],"about":[{"href":"https:\/\/www.materiamed.at\/en\/wp-json\/wp\/v2\/types\/page"}],"author":[{"embeddable":true,"href":"https:\/\/www.materiamed.at\/en\/wp-json\/wp\/v2\/users\/2"}],"replies":[{"embeddable":true,"href":"https:\/\/www.materiamed.at\/en\/wp-json\/wp\/v2\/comments?post=755"}],"version-history":[{"count":2,"href":"https:\/\/www.materiamed.at\/en\/wp-json\/wp\/v2\/pages\/755\/revisions"}],"predecessor-version":[{"id":915,"href":"https:\/\/www.materiamed.at\/en\/wp-json\/wp\/v2\/pages\/755\/revisions\/915"}],"wp:attachment":[{"href":"https:\/\/www.materiamed.at\/en\/wp-json\/wp\/v2\/media?parent=755"}],"curies":[{"name":"wp","href":"https:\/\/api.w.org\/{rel}","templated":true}]}}